{"id":826,"date":"2020-08-26T16:18:36","date_gmt":"2020-08-26T16:18:36","guid":{"rendered":"http:\/\/94.73.148.122\/~u9839614\/?page_id=826"},"modified":"2020-12-11T10:20:45","modified_gmt":"2020-12-11T10:20:45","slug":"hope-cafe","status":"publish","type":"page","link":"https:\/\/kacuv.org\/en\/hope-cafe\/","title":{"rendered":"Hope Caf\u00e9"},"content":{"rendered":"<p>[vc_row bg_type=&#8221;color&#8221; padding_top_multiplier=&#8221;&#8221; padding_bottom_multiplier=&#8221;&#8221; equal_column_height=&#8221;middle-content&#8221; bg_color=&#8221;#ffe0d9&#8243;][vc_column width=&#8221;1\/2&#8243;][vc_custom_heading source=&#8221;post_title&#8221; font_container=&#8221;tag:h2|text_align:left|color:%23515151&#8243; use_theme_fonts=&#8221;yes&#8221;][\/vc_column][vc_column width=&#8221;1\/2&#8243;]<div class=\"eut-element eut-image eut-align-center\" style=\"\">  <div class=\"eut-image-wrapper\"><img width=\"1540\" height=\"750\" src=\"https:\/\/kacuv.org\/en\/wp-content\/uploads\/2020\/10\/umut-kafe.png\" class=\"attachment-full size-full\" alt=\"\" decoding=\"async\" loading=\"lazy\" srcset=\"https:\/\/kacuv.org\/en\/wp-content\/uploads\/2020\/10\/umut-kafe.png 1540w, https:\/\/kacuv.org\/en\/wp-content\/uploads\/2020\/10\/umut-kafe-300x146.png 300w, https:\/\/kacuv.org\/en\/wp-content\/uploads\/2020\/10\/umut-kafe-1024x499.png 1024w, https:\/\/kacuv.org\/en\/wp-content\/uploads\/2020\/10\/umut-kafe-150x73.png 150w, https:\/\/kacuv.org\/en\/wp-content\/uploads\/2020\/10\/umut-kafe-768x374.png 768w, https:\/\/kacuv.org\/en\/wp-content\/uploads\/2020\/10\/umut-kafe-1536x748.png 1536w\" sizes=\"(max-width: 1540px) 100vw, 1540px\" \/>   <\/div><\/div>[\/vc_column][\/vc_row][vc_row heading_color=&#8221;primary-1&#8243;][vc_column width=&#8221;1\/6&#8243;][vc_widget_sidebar sidebar_id=&#8221;fildisi_eutf_sidebar_5f4691a9720f0&#8243;][\/vc_column][vc_column width=&#8221;1\/2&#8243;][vc_column_text]Many families of children diagnosed with cancer live in different regions of Turkey and leave their current jobs to get treatment in \u0130stanbul. Hope Caf\u00e9 opened its doors for families who have difficulties finding a temporary or permanent job in \u0130stanbul, meeting the needs of treatment and providing for their families back in their hometown. Hope Caf\u00e9 serves as a traveling caf\u00e9 and employs mothers who stay in KA\u00c7UV Family Houses. Hope Caf\u00e9 serves snacks prepared by the mothers and travels to a different point in \u0130stanbul every day.<\/p>\n<p>The first Hope Caf\u00e9 opened its doors in 2017 with the support of Ford Otosan. After the great interest it received, the second Hope Caf\u00e9 is getting ready to hit the road in 2020 with the help of the UPS Foundation.<\/p>\n<p>Hope Caf\u00e9 visited 50 different locations including 4 universities, 2 shopping malls, 2 congresses, 2 public spaces, and 40 corporate companies. It traveled a total of 5,857 km and served 8543 foods and 15,472 beverages. A total of \u20ba12,840 financial support was provided to 32 mothers staying in our Family Houses.<\/p>\n<p>If you want to host Hope Caf\u00e9, you can send an e-mail to <a href=\"mailto:umutkafe@kacuv.org\">umutkafe@kacuv.org<\/a>.[\/vc_column_text][\/vc_column][vc_column width=&#8221;1\/3&#8243;]<div class=\"eut-element eut-image eut-align-center\" style=\"\">  <div class=\"eut-image-wrapper\"><img width=\"1024\" height=\"1110\" src=\"https:\/\/kacuv.org\/en\/wp-content\/uploads\/2020\/08\/umut-kafe.png\" class=\"attachment-full size-full\" alt=\"\" decoding=\"async\" loading=\"lazy\" srcset=\"https:\/\/kacuv.org\/en\/wp-content\/uploads\/2020\/08\/umut-kafe.png 1024w, https:\/\/kacuv.org\/en\/wp-content\/uploads\/2020\/08\/umut-kafe-277x300.png 277w, https:\/\/kacuv.org\/en\/wp-content\/uploads\/2020\/08\/umut-kafe-945x1024.png 945w, https:\/\/kacuv.org\/en\/wp-content\/uploads\/2020\/08\/umut-kafe-138x150.png 138w, https:\/\/kacuv.org\/en\/wp-content\/uploads\/2020\/08\/umut-kafe-768x833.png 768w\" sizes=\"(max-width: 1024px) 100vw, 1024px\" \/>   <\/div><\/div>[\/vc_column][\/vc_row][vc_row disable_element=&#8221;yes&#8221; columns_gap=&#8221;none&#8221; equal_column_height=&#8221;middle-content&#8221;][vc_column width=&#8221;1\/6&#8243; tablet_width=&#8221;hide&#8221; tablet_sm_width=&#8221;hide&#8221; mobile_width=&#8221;hide&#8221;][\/vc_column][vc_column width=&#8221;1\/2&#8243;][vc_column_text css=&#8221;.vc_custom_1599465359393{padding-bottom: 30px !important;}&#8221;]<\/p>\n<h2>Umut Kafe<br \/>\nYollarda<\/h2>\n<p>[\/vc_column_text][vc_column_text]<\/p>\n<h4><em>\u201cCovid-19 salg\u0131n\u0131 nedeniyle Umut Kafe ziyaretlerine bir s\u00fcre ara verdi. Yak\u0131nda tekrar g\u00f6r\u00fc\u015fmek \u00fczere!<\/em><\/h4>\n<p>[\/vc_column_text][\/vc_column][vc_column width=&#8221;1\/3&#8243;]<div class=\"eut-element eut-image eut-align-center\" style=\"\">  <div class=\"eut-image-wrapper\"><img width=\"794\" height=\"992\" src=\"https:\/\/kacuv.org\/en\/wp-content\/uploads\/2020\/08\/umut-kafe-bardak.png\" class=\"attachment-full size-full\" alt=\"\" decoding=\"async\" loading=\"lazy\" srcset=\"https:\/\/kacuv.org\/en\/wp-content\/uploads\/2020\/08\/umut-kafe-bardak.png 794w, https:\/\/kacuv.org\/en\/wp-content\/uploads\/2020\/08\/umut-kafe-bardak-240x300.png 240w, https:\/\/kacuv.org\/en\/wp-content\/uploads\/2020\/08\/umut-kafe-bardak-120x150.png 120w, https:\/\/kacuv.org\/en\/wp-content\/uploads\/2020\/08\/umut-kafe-bardak-768x960.png 768w\" sizes=\"(max-width: 794px) 100vw, 794px\" \/>   <\/div><\/div>[\/vc_column][\/vc_row][vc_row disable_element=&#8221;yes&#8221;][vc_column width=&#8221;1\/2&#8243;][vc_column_text]20.12.2019 &#8211; <strong>Pfizer<\/strong><br \/>\n19.12.2019 &#8211; <strong>UPS<\/strong><br \/>\n18.12.2019 &#8211; <strong>Ekol Lojistik, Sancaktepe Hyundai Tesisi<\/strong><br \/>\n17.12.2019 &#8211; <strong>Ekol Lojistik, Kardelen Tesisi<\/strong><br \/>\n16.12.2019 &#8211; <strong>Adil I\u015f\u0131k, Ka\u011f\u0131thane<\/strong><br \/>\n12.12.2019 &#8211; <strong>Hilti T\u00fcrkiye<\/strong><br \/>\n10.12.2019 &#8211; <strong>Sony T\u00fcrkiye<\/strong><br \/>\n09.12.2019 &#8211; <strong>Philips, Unilever Plaza<\/strong><br \/>\n06.12.2019 &#8211; <strong>Pfizer<\/strong><br \/>\n05.12.2019 &#8211; <strong>UPS<\/strong>[\/vc_column_text][\/vc_column][vc_column width=&#8221;1\/2&#8243;][vc_column_text]04.12.2019 &#8211; <strong>Linde Opsan, Gebze<\/strong><br \/>\n03.12.2019 &#8211; <strong>Linde Opsan, Gebze<\/strong><br \/>\n02.12.2019 &#8211; <strong>Linde Opsan, Gebze<\/strong><br \/>\n29.11.2019 &#8211; <strong>Linde Opsan, Gebze<\/strong><br \/>\n28.11.2019 &#8211; <strong>Ekol Lojistik, Yonca Tesisi<\/strong><br \/>\n27.11.2019 &#8211; <strong>Ekol Lojistik, Lotus Tesisi<\/strong><br \/>\n26.11.2019 &#8211; <strong>Ekol Lojistik, Orkide Tesisi<\/strong><br \/>\n25.11.2019 &#8211; <strong>Karadeniz Holding<\/strong><br \/>\n22.11.2019 &#8211; <strong>Karadeniz Holding<\/strong><br \/>\n21.11.2019 &#8211; <strong>\u0130stanbul Kongre Merkezi<\/strong>[\/vc_column_text][\/vc_column][\/vc_row]<\/p>\n","protected":false},"excerpt":{"rendered":"<p>[vc_row bg_type=&#8221;color&#8221; padding_top_multiplier=&#8221;&#8221; padding_bottom_multiplier=&#8221;&#8221; equal_column_height=&#8221;middle-content&#8221; bg_color=&#8221;#ffe0d9&#8243;][vc_column width=&#8221;1\/2&#8243;][vc_custom_heading source=&#8221;post_title&#8221; font_container=&#8221;tag:h2|text_align:left|color:%23515151&#8243; use_theme_fonts=&#8221;yes&#8221;][\/vc_column][vc_column width=&#8221;1\/2&#8243;][\/vc_column][\/vc_row][vc_row heading_color=&#8221;primary-1&#8243;][vc_column width=&#8221;1\/6&#8243;][vc_widget_sidebar sidebar_id=&#8221;fildisi_eutf_sidebar_5f4691a9720f0&#8243;][\/vc_column][vc_column width=&#8221;1\/2&#8243;][vc_column_text]Many families of children diagnosed with cancer live in different regions of Turkey and leave their current jobs to get treatment in \u0130stanbul. Hope Caf\u00e9 opened its doors for families who have difficulties finding a temporary or permanent job in \u0130stanbul, [&hellip;]<\/p>\n","protected":false},"author":1,"featured_media":0,"parent":0,"menu_order":0,"comment_status":"closed","ping_status":"closed","template":"","meta":{"inline_featured_image":false},"_links":{"self":[{"href":"https:\/\/kacuv.org\/en\/wp-json\/wp\/v2\/pages\/826"}],"collection":[{"href":"https:\/\/kacuv.org\/en\/wp-json\/wp\/v2\/pages"}],"about":[{"href":"https:\/\/kacuv.org\/en\/wp-json\/wp\/v2\/types\/page"}],"author":[{"embeddable":true,"href":"https:\/\/kacuv.org\/en\/wp-json\/wp\/v2\/users\/1"}],"replies":[{"embeddable":true,"href":"https:\/\/kacuv.org\/en\/wp-json\/wp\/v2\/comments?post=826"}],"version-history":[{"count":30,"href":"https:\/\/kacuv.org\/en\/wp-json\/wp\/v2\/pages\/826\/revisions"}],"predecessor-version":[{"id":2319,"href":"https:\/\/kacuv.org\/en\/wp-json\/wp\/v2\/pages\/826\/revisions\/2319"}],"wp:attachment":[{"href":"https:\/\/kacuv.org\/en\/wp-json\/wp\/v2\/media?parent=826"}],"curies":[{"name":"wp","href":"https:\/\/api.w.org\/{rel}","templated":true}]}}