{"id":1254,"date":"2020-08-31T08:39:56","date_gmt":"2020-08-31T08:39:56","guid":{"rendered":"http:\/\/94.73.148.122\/~u9839614\/?page_id=1254"},"modified":"2023-01-20T08:15:39","modified_gmt":"2023-01-20T08:15:39","slug":"kurumsal-bagis","status":"publish","type":"page","link":"https:\/\/kacuv.org\/en\/kurumsal-bagis\/","title":{"rendered":"Corporate Donation"},"content":{"rendered":"<p>[vc_row heading_color=&#8221;light&#8221; bg_type=&#8221;color&#8221; padding_top_multiplier=&#8221;2x&#8221; padding_bottom_multiplier=&#8221;2x&#8221; bg_color=&#8221;#343292&#8243; font_color=&#8221;#ffffff&#8221; margin_bottom=&#8221;30px&#8221;][vc_column width=&#8221;1\/6&#8243;][\/vc_column][vc_column width=&#8221;2\/3&#8243;][vc_column_text]<\/p>\n<h2 style=\"text-align: center;\">Corporate Donation<\/h2>\n<p style=\"text-align: center;\">You can be a part of social change and make a difference in your industry by supporting the projects of KA\u00c7UV as a part of your corporate social responsibility strategy.<\/p>\n<p>[\/vc_column_text][\/vc_column][vc_column width=&#8221;1\/6&#8243;][\/vc_column][\/vc_row][vc_row][vc_column width=&#8221;1\/2&#8243;][vc_column_text]KA\u00c7UV needs corporate support to provide sustainable support services to children and their families during treatment and to reach more children by diversifying these services. As a corporate donor, you can support the sustainability of Family House and hospital activities.<\/p>\n<p>With donations, while you can contribute to KA\u00c7UV\u2019s goal of reaching more children, you can also promote a culture of belonging and social responsibility in your workplace.<\/p>\n<p>For questions about corporate donations: <a href=\"mailto:esra.kutman@kacuv.org\">esra.kutman@kacuv.org<\/a>[\/vc_column_text][\/vc_column][vc_column width=&#8221;1\/2&#8243;]<div class=\"eut-element eut-image eut-align-center\" style=\"\">  <div class=\"eut-image-wrapper\"><img width=\"680\" height=\"411\" src=\"https:\/\/kacuv.org\/en\/wp-content\/uploads\/2020\/08\/kurumsal-kolaj.png\" class=\"attachment-full size-full\" alt=\"\" decoding=\"async\" loading=\"lazy\" srcset=\"https:\/\/kacuv.org\/en\/wp-content\/uploads\/2020\/08\/kurumsal-kolaj.png 680w, https:\/\/kacuv.org\/en\/wp-content\/uploads\/2020\/08\/kurumsal-kolaj-300x181.png 300w, https:\/\/kacuv.org\/en\/wp-content\/uploads\/2020\/08\/kurumsal-kolaj-150x91.png 150w\" sizes=\"(max-width: 680px) 100vw, 680px\" \/>   <\/div><\/div>[\/vc_column][\/vc_row][vc_row heading_color=&#8221;primary-1&#8243; disable_element=&#8221;yes&#8221; bg_type=&#8221;color&#8221; padding_top_multiplier=&#8221;4x&#8221; padding_bottom_multiplier=&#8221;4x&#8221; bg_color=&#8221;#efefef&#8221;][vc_column][vc_column_text css=&#8221;.vc_custom_1598863560533{padding-bottom: 50px !important;}&#8221;]<\/p>\n<h3 style=\"text-align: center;\">Kurumsal Ba\u011f\u0131\u015f Se\u00e7enekleri<\/h3>\n<p>[\/vc_column_text][vc_row_inner css=&#8221;.vc_custom_1598619665414{padding-bottom: 30px !important;}&#8221;][vc_column_inner css=&#8221;.vc_custom_1598619270877{border-top-width: 4px !important;border-right-width: 4px !important;border-bottom-width: 4px !important;border-left-width: 4px !important;padding-top: 20px !important;padding-right: 20px !important;padding-bottom: 20px !important;padding-left: 20px !important;background-color: #ffffff !important;border-left-color: #ffffff !important;border-left-style: solid !important;border-right-color: #ffffff !important;border-right-style: solid !important;border-top-color: #ffffff !important;border-top-style: solid !important;border-bottom-color: #ffffff !important;border-bottom-style: solid !important;border-radius: 10px !important;}&#8221; el_wrapper_class=&#8221;box&#8221;][vc_column_text css=&#8221;.vc_custom_1598863583370{padding-bottom: 20px !important;}&#8221;]<\/p>\n<h5>\u00dcr\u00fcn \u0130\u015fbirli\u011fi<\/h5>\n<p>[\/vc_column_text][vc_column_text]Bir al\u0131\u015fveri\u015f, bir sosyal sorumluluk\u2026<br \/>\nKurumunuz taraf\u0131ndan sunulan \u00fcr\u00fcn veya hizmetlerin sat\u0131\u015f\u0131ndan elde edilecek gelirin belirleyece\u011finiz bir k\u0131sm\u0131n\u0131 m\u00fc\u015fterileriniz ad\u0131na ba\u011f\u0131\u015flayabilirsiniz. Sat\u0131lan \u00fcr\u00fcnlerde KA\u00c7UV g\u00f6rsellerine yer vererek, m\u00fc\u015fterilerinize yapt\u0131klar\u0131 al\u0131\u015fveri\u015f ile kanser tedavisi g\u00f6ren \u00e7ocuklara destek olabileceklerini anlatabilir ve \u00e7ocukluk \u00e7a\u011f\u0131 kanserleri fark\u0131ndal\u0131\u011f\u0131n\u0131n yarat\u0131lmas\u0131na destek olabilirsiniz.[\/vc_column_text][\/vc_column_inner][\/vc_row_inner][vc_row_inner css=&#8221;.vc_custom_1598619665414{padding-bottom: 30px !important;}&#8221;][vc_column_inner css=&#8221;.vc_custom_1598619270877{border-top-width: 4px !important;border-right-width: 4px !important;border-bottom-width: 4px !important;border-left-width: 4px !important;padding-top: 20px !important;padding-right: 20px !important;padding-bottom: 20px !important;padding-left: 20px !important;background-color: #ffffff !important;border-left-color: #ffffff !important;border-left-style: solid !important;border-right-color: #ffffff !important;border-right-style: solid !important;border-top-color: #ffffff !important;border-top-style: solid !important;border-bottom-color: #ffffff !important;border-bottom-style: solid !important;border-radius: 10px !important;}&#8221; el_wrapper_class=&#8221;box&#8221;][vc_column_text css=&#8221;.vc_custom_1598863608750{padding-bottom: 20px !important;}&#8221;]<\/p>\n<h5>Sertifika Ba\u011f\u0131\u015flar\u0131<\/h5>\n<p>[\/vc_column_text][vc_column_text]\u00d6zel g\u00fcnlerde (yeni i\u015f tebri\u011fi, do\u011fum g\u00fcn\u00fc, Anneler G\u00fcn\u00fc, bayram, y\u0131lba\u015f\u0131 vb.), kurumunuzun \u00e7al\u0131\u015fanlar\u0131na ve i\u015fbirli\u011fi yapt\u0131\u011f\u0131n\u0131z di\u011fer kurumlara KA\u00c7UV sertifikalar\u0131ndan hediye edebilirsiniz. [\/vc_column_text][\/vc_column_inner][\/vc_row_inner][vc_row_inner css=&#8221;.vc_custom_1598619669665{padding-bottom: 30px !important;}&#8221;][vc_column_inner css=&#8221;.vc_custom_1598619270877{border-top-width: 4px !important;border-right-width: 4px !important;border-bottom-width: 4px !important;border-left-width: 4px !important;padding-top: 20px !important;padding-right: 20px !important;padding-bottom: 20px !important;padding-left: 20px !important;background-color: #ffffff !important;border-left-color: #ffffff !important;border-left-style: solid !important;border-right-color: #ffffff !important;border-right-style: solid !important;border-top-color: #ffffff !important;border-top-style: solid !important;border-bottom-color: #ffffff !important;border-bottom-style: solid !important;border-radius: 10px !important;}&#8221; el_wrapper_class=&#8221;box&#8221;][vc_column_text css=&#8221;.vc_custom_1598863650780{padding-bottom: 20px !important;}&#8221;]<\/p>\n<h5>Yard\u0131mseverlik Ko\u015fusu<\/h5>\n<p>[\/vc_column_text][vc_column_text]\u0130stanbul Maratonu, Antalya Maratonu, KA\u00c7UV Umut Ko\u015fusu gibi sportif etkinliklerde G\u00f6n\u00fcll\u00fc Kurumsal Ko\u015fu Tak\u0131m\u0131 kurarak \u00e7al\u0131\u015fma arkada\u015flar\u0131n\u0131zla birlikte iyilik pe\u015finde ko\u015fabilirsiniz. Tak\u0131m\u0131n\u0131zla tedavi g\u00f6ren \u00e7ocuklar\u0131m\u0131z i\u00e7in hem ba\u011f\u0131\u015f toplayabilir hem de fark\u0131ndal\u0131k yaratabilirsiniz.[\/vc_column_text][\/vc_column_inner][\/vc_row_inner][vc_row_inner css=&#8221;.vc_custom_1598619669665{padding-bottom: 30px !important;}&#8221;][vc_column_inner css=&#8221;.vc_custom_1598619270877{border-top-width: 4px !important;border-right-width: 4px !important;border-bottom-width: 4px !important;border-left-width: 4px !important;padding-top: 20px !important;padding-right: 20px !important;padding-bottom: 20px !important;padding-left: 20px !important;background-color: #ffffff !important;border-left-color: #ffffff !important;border-left-style: solid !important;border-right-color: #ffffff !important;border-right-style: solid !important;border-top-color: #ffffff !important;border-top-style: solid !important;border-bottom-color: #ffffff !important;border-bottom-style: solid !important;border-radius: 10px !important;}&#8221; el_wrapper_class=&#8221;box&#8221;][vc_column_text css=&#8221;.vc_custom_1598863694600{padding-bottom: 20px !important;}&#8221;]<\/p>\n<h5>KA\u00c7UV Aile Evleri\u2019nde Oda Sahiplenme<\/h5>\n<p>[\/vc_column_text][vc_column_text]Aile Evleri sizin desteklerinizle yuvaya d\u00f6n\u00fc\u015f\u00fcyor!<br \/>\nAile Evleri kanser tedavisi i\u00e7in ya\u015fad\u0131klar\u0131 \u015fehri, evlerini, karde\u015flerini ve arkada\u015flar\u0131n\u0131 uzakta b\u0131rakarak \u0130stanbul\u2019a gelen \u00e7ocuklar ve ailelerine \u00fccretsiz konaklama, g\u0131da, giyim, psikolojik ve psiko-sosyal destek hizmetleri sunuyor. Aile Evleri\u2019nin s\u00fcrd\u00fcr\u00fclebilirli\u011fi bireysel ve kurumsal ba\u011f\u0131\u015f\u00e7\u0131lar\u0131n destekleri ile sa\u011flan\u0131yor.<\/p>\n<p>Siz de kurumsal desteklerinizle bir odan\u0131n giderlerini sahiplenerek Aile Evleri\u2019nin Manevi Ailelerinden biri olabilir, diledi\u011finiz s\u00fcre boyunca \u00e7ocuklar\u0131m\u0131z ve ailelerine destek olabilirsiniz.[\/vc_column_text][\/vc_column_inner][\/vc_row_inner][vc_row_inner css=&#8221;.vc_custom_1598619669665{padding-bottom: 30px !important;}&#8221;][vc_column_inner css=&#8221;.vc_custom_1598619270877{border-top-width: 4px !important;border-right-width: 4px !important;border-bottom-width: 4px !important;border-left-width: 4px !important;padding-top: 20px !important;padding-right: 20px !important;padding-bottom: 20px !important;padding-left: 20px !important;background-color: #ffffff !important;border-left-color: #ffffff !important;border-left-style: solid !important;border-right-color: #ffffff !important;border-right-style: solid !important;border-top-color: #ffffff !important;border-top-style: solid !important;border-bottom-color: #ffffff !important;border-bottom-style: solid !important;border-radius: 10px !important;}&#8221; el_wrapper_class=&#8221;box&#8221;][vc_column_text css=&#8221;.vc_custom_1598863733086{padding-bottom: 20px !important;}&#8221;]<\/p>\n<h5>Fon \/ Hibe Projeleri<\/h5>\n<p>[\/vc_column_text][vc_column_text]Kurumunuzun ulusal veya uluslararas\u0131 ba\u011f\u0131\u015f fonlar\u0131n\u0131 i\u00e7in KA\u00c7UV\u2019un geli\u015ftirdi\u011fi projeleri sunabilirsiniz.[\/vc_column_text][\/vc_column_inner][\/vc_row_inner][vc_row_inner css=&#8221;.vc_custom_1598619669665{padding-bottom: 30px !important;}&#8221;][vc_column_inner css=&#8221;.vc_custom_1598619270877{border-top-width: 4px !important;border-right-width: 4px !important;border-bottom-width: 4px !important;border-left-width: 4px !important;padding-top: 20px !important;padding-right: 20px !important;padding-bottom: 20px !important;padding-left: 20px !important;background-color: #ffffff !important;border-left-color: #ffffff !important;border-left-style: solid !important;border-right-color: #ffffff !important;border-right-style: solid !important;border-top-color: #ffffff !important;border-top-style: solid !important;border-bottom-color: #ffffff !important;border-bottom-style: solid !important;border-radius: 10px !important;}&#8221; el_wrapper_class=&#8221;box&#8221;][vc_column_text css=&#8221;.vc_custom_1598863757150{padding-bottom: 20px !important;}&#8221;]<\/p>\n<h5>Kaynak Geli\u015ftirme Etkinlikleri<\/h5>\n<p>[\/vc_column_text][vc_column_text]Kurumunuzda \/ Okulunuzda d\u00fczenleyece\u011finiz konser, kermes, tiyatro vb. etkinlikler ile KA\u00c7UV faaliyetlerine katk\u0131 sa\u011flayabilirsiniz.[\/vc_column_text][\/vc_column_inner][\/vc_row_inner][vc_row_inner css=&#8221;.vc_custom_1598619669665{padding-bottom: 30px !important;}&#8221;][vc_column_inner css=&#8221;.vc_custom_1598619270877{border-top-width: 4px !important;border-right-width: 4px !important;border-bottom-width: 4px !important;border-left-width: 4px !important;padding-top: 20px !important;padding-right: 20px !important;padding-bottom: 20px !important;padding-left: 20px !important;background-color: #ffffff !important;border-left-color: #ffffff !important;border-left-style: solid !important;border-right-color: #ffffff !important;border-right-style: solid !important;border-top-color: #ffffff !important;border-top-style: solid !important;border-bottom-color: #ffffff !important;border-bottom-style: solid !important;border-radius: 10px !important;}&#8221; el_wrapper_class=&#8221;box&#8221;][vc_column_text css=&#8221;.vc_custom_1598863782823{padding-bottom: 20px !important;}&#8221;]<\/p>\n<h5>Umut Kafe<\/h5>\n<p>[\/vc_column_text][vc_column_text]Tedavinin gerektirdi\u011fi ihtiya\u00e7lar\u0131 kar\u015f\u0131lamak ve geride kalan di\u011fer aile fertlerinin ge\u00e7imini sa\u011flamak i\u00e7in \u0130stanbul\u2019da ge\u00e7ici ya da kal\u0131c\u0131 bir i\u015f bulmas\u0131 g\u00fc\u00e7 olan ailelere destek olmak amac\u0131yla hayata ge\u00e7en Umut Kafe gezgin bir kafe olarak hizmet veriyor ve KA\u00c7UV Aile Evleri\u2019nde konaklayan annelere istihdam sa\u011fl\u0131yor.<\/p>\n<p>Anneler taraf\u0131ndan haz\u0131rlanan at\u0131\u015ft\u0131rmal\u0131klar her g\u00fcn farkl\u0131 bir noktaya giden Umut Kafe\u2019de servis ediliyor. Siz de Umut Kafe\u2019yi kurumunuzda veya \u00e7e\u015fitli etkinliklerde a\u011f\u0131rlayarak ailelere destek olabilirsiniz.<br \/>\nDetayl\u0131 bilgi i\u00e7in:<a href=\"mailto:selin.topcuoglu@www.kacuv.org\"> selin.topcuoglu@www.kacuv.org<\/a>[\/vc_column_text][\/vc_column_inner][\/vc_row_inner][vc_row_inner css=&#8221;.vc_custom_1598619669665{padding-bottom: 30px !important;}&#8221;][vc_column_inner css=&#8221;.vc_custom_1598619270877{border-top-width: 4px !important;border-right-width: 4px !important;border-bottom-width: 4px !important;border-left-width: 4px !important;padding-top: 20px !important;padding-right: 20px !important;padding-bottom: 20px !important;padding-left: 20px !important;background-color: #ffffff !important;border-left-color: #ffffff !important;border-left-style: solid !important;border-right-color: #ffffff !important;border-right-style: solid !important;border-top-color: #ffffff !important;border-top-style: solid !important;border-bottom-color: #ffffff !important;border-bottom-style: solid !important;border-radius: 10px !important;}&#8221; el_wrapper_class=&#8221;box&#8221;][vc_column_text css=&#8221;.vc_custom_1598863819678{padding-bottom: 20px !important;}&#8221;]<\/p>\n<h5>Umut D\u00fckkan\u0131<\/h5>\n<p>[\/vc_column_text][vc_column_text]\u00d6zel g\u00fcnlerde \u00e7al\u0131\u015fanlar\u0131n\u0131za ve m\u00fc\u015fterilerinize verece\u011finiz hediyeleri KA\u00c7UV Umut D\u00fckkan\u0131\u2019ndan tercih edebilirsiniz.<\/p>\n<p>Farkl\u0131 \u00fcr\u00fcn kategorilerini <a href=\"http:\/\/www.kacuvumutdukkani.org\">www.kacuvumutdukkani.org<\/a> \u00fczerinden inceleyebilir, b\u00fct\u00e7e se\u00e7enekleri i\u00e7in bizimle ileti\u015fime ge\u00e7ebilirsiniz: <a href=\"mailto:selin.topcuoglu@www.kacuv.org\">selin.topcuoglu@www.kacuv.org <\/a>[\/vc_column_text][\/vc_column_inner][\/vc_row_inner][vc_row_inner css=&#8221;.vc_custom_1598619669665{padding-bottom: 30px !important;}&#8221;][vc_column_inner css=&#8221;.vc_custom_1598619409041{border-top-width: 4px !important;border-right-width: 4px !important;border-bottom-width: 4px !important;border-left-width: 4px !important;padding-top: 20px !important;padding-right: 20px !important;padding-bottom: 20px !important;padding-left: 20px !important;background-color: #ffffff !important;border-left-color: #ffffff !important;border-left-style: solid !important;border-right-color: #ffffff !important;border-right-style: solid !important;border-top-color: #ffffff !important;border-top-style: solid !important;border-bottom-color: #ffffff !important;border-bottom-style: solid !important;border-radius: 10px !important;}&#8221; el_wrapper_class=&#8221;box&#8221;][vc_column_text css=&#8221;.vc_custom_1598863875894{padding-bottom: 20px !important;}&#8221;]<\/p>\n<h5>Ayni Destekler<\/h5>\n<p>[\/vc_column_text][vc_column_text]Kurumunuzun \u00fcr\u00fcnlerinden ihtiya\u00e7lar do\u011frultusunda KA\u00c7UV Aile Evleri ve hastane servisleri i\u00e7in ayni destek sa\u011flayabilirsiniz.[\/vc_column_text][\/vc_column_inner][\/vc_row_inner][\/vc_column][\/vc_row]<\/p>\n","protected":false},"excerpt":{"rendered":"<p>[vc_row heading_color=&#8221;light&#8221; bg_type=&#8221;color&#8221; padding_top_multiplier=&#8221;2x&#8221; padding_bottom_multiplier=&#8221;2x&#8221; bg_color=&#8221;#343292&#8243; font_color=&#8221;#ffffff&#8221; margin_bottom=&#8221;30px&#8221;][vc_column width=&#8221;1\/6&#8243;][\/vc_column][vc_column width=&#8221;2\/3&#8243;][vc_column_text] Corporate Donation You can be a part of social change and make a difference in your industry by supporting the projects of KA\u00c7UV as a part of your corporate social responsibility strategy. [\/vc_column_text][\/vc_column][vc_column width=&#8221;1\/6&#8243;][\/vc_column][\/vc_row][vc_row][vc_column width=&#8221;1\/2&#8243;][vc_column_text]KA\u00c7UV needs corporate support to provide sustainable support services to children [&hellip;]<\/p>\n","protected":false},"author":1,"featured_media":0,"parent":0,"menu_order":0,"comment_status":"closed","ping_status":"closed","template":"","meta":{"inline_featured_image":false},"_links":{"self":[{"href":"https:\/\/kacuv.org\/en\/wp-json\/wp\/v2\/pages\/1254"}],"collection":[{"href":"https:\/\/kacuv.org\/en\/wp-json\/wp\/v2\/pages"}],"about":[{"href":"https:\/\/kacuv.org\/en\/wp-json\/wp\/v2\/types\/page"}],"author":[{"embeddable":true,"href":"https:\/\/kacuv.org\/en\/wp-json\/wp\/v2\/users\/1"}],"replies":[{"embeddable":true,"href":"https:\/\/kacuv.org\/en\/wp-json\/wp\/v2\/comments?post=1254"}],"version-history":[{"count":29,"href":"https:\/\/kacuv.org\/en\/wp-json\/wp\/v2\/pages\/1254\/revisions"}],"predecessor-version":[{"id":2531,"href":"https:\/\/kacuv.org\/en\/wp-json\/wp\/v2\/pages\/1254\/revisions\/2531"}],"wp:attachment":[{"href":"https:\/\/kacuv.org\/en\/wp-json\/wp\/v2\/media?parent=1254"}],"curies":[{"name":"wp","href":"https:\/\/api.w.org\/{rel}","templated":true}]}}